{"id":560,"date":"2018-07-17T04:53:57","date_gmt":"2018-07-17T04:53:57","guid":{"rendered":"https:\/\/cbtis117.edu.mx\/?page_id=560"},"modified":"2026-03-06T17:54:58","modified_gmt":"2026-03-06T23:54:58","slug":"inicial","status":"publish","type":"page","link":"https:\/\/cbtis117.edu.mx\/","title":{"rendered":"Inicio"},"content":{"rendered":"<div data-elementor-type=\"wp-post\" data-elementor-id=\"3576\" class=\"elementor elementor-3576\" data-elementor-post-type=\"post\">\n\t\t\t\t\t\t<section class=\"elementor-section elementor-top-section elementor-element elementor-element-32f891e elementor-section-boxed elementor-section-height-default elementor-section-height-default\" data-id=\"32f891e\" data-element_type=\"section\" data-e-type=\"section\">\n\t\t\t\t\t\t<div class=\"elementor-container elementor-column-gap-default\">\n\t\t\t\t\t<div class=\"elementor-column elementor-col-50 elementor-top-column elementor-element elementor-element-6df720f\" data-id=\"6df720f\" data-element_type=\"column\" data-e-type=\"column\">\n\t\t\t<div class=\"elementor-widget-wrap elementor-element-populated\">\n\t\t\t\t\t\t<div class=\"elementor-element elementor-element-877c7e7 elementor-widget elementor-widget-image\" data-id=\"877c7e7\" data-element_type=\"widget\" data-e-type=\"widget\" data-widget_type=\"image.default\">\n\t\t\t\t<div class=\"elementor-widget-container\">\n\t\t\t\t\t\t\t\t\t\t\t\t\t\t\t<img loading=\"lazy\" loading=\"lazy\" decoding=\"async\" width=\"600\" height=\"600\" src=\"https:\/\/cbtis117.edu.mx\/wp-content\/uploads\/2025\/08\/dgeti54-1024x1024.jpg\" class=\"attachment-large size-large wp-image-3575\" alt=\"\" srcset=\"https:\/\/cbtis117.edu.mx\/wp-content\/uploads\/2025\/08\/dgeti54-1024x1024.jpg 1024w, https:\/\/cbtis117.edu.mx\/wp-content\/uploads\/2025\/08\/dgeti54-300x300.jpg 300w, https:\/\/cbtis117.edu.mx\/wp-content\/uploads\/2025\/08\/dgeti54-150x150.jpg 150w, https:\/\/cbtis117.edu.mx\/wp-content\/uploads\/2025\/08\/dgeti54-768x768.jpg 768w, https:\/\/cbtis117.edu.mx\/wp-content\/uploads\/2025\/08\/dgeti54.jpg 1080w\" sizes=\"auto, (max-width: 600px) 100vw, 600px\" \/>\t\t\t\t\t\t\t\t\t\t\t\t\t\t\t<\/div>\n\t\t\t\t<\/div>\n\t\t\t\t\t<\/div>\n\t\t<\/div>\n\t\t\t\t<div class=\"elementor-column elementor-col-50 elementor-top-column elementor-element elementor-element-12ec0a1\" data-id=\"12ec0a1\" data-element_type=\"column\" data-e-type=\"column\">\n\t\t\t<div class=\"elementor-widget-wrap elementor-element-populated\">\n\t\t\t\t\t\t<div class=\"elementor-element elementor-element-97152db elementor-widget elementor-widget-text-editor\" data-id=\"97152db\" data-element_type=\"widget\" data-e-type=\"widget\" data-widget_type=\"text-editor.default\">\n\t\t\t\t<div class=\"elementor-widget-container\">\n\t\t\t\t\t\t\t\t\t<div dir=\"auto\">\u00a1Celebramos 54 a\u00f1os de historia, innovaci\u00f3n y compromiso con la educaci\u00f3n tecnol\u00f3gica en M\u00e9xico!<\/div><div dir=\"auto\">\u00a0<\/div><div dir=\"auto\">La DGETI ha formado generaciones de <\/div><\/div><\/div><\/div><\/div><\/div><\/section><\/div>&hellip; <a href=\"https:\/\/cbtis117.edu.mx\/?p=3576\" class=\"read-more\">Seguir Leyendo <\/a>","protected":false},"excerpt":{"rendered":"<div data-elementor-type=\"wp-post\" data-elementor-id=\"3576\" class=\"elementor elementor-3576\" data-elementor-post-type=\"post\">\n\t\t\t\t\t\t<section class=\"elementor-section elementor-top-section elementor-element elementor-element-32f891e elementor-section-boxed elementor-section-height-default elementor-section-height-default\" data-id=\"32f891e\" data-element_type=\"section\" data-e-type=\"section\">\n\t\t\t\t\t\t<div class=\"elementor-container elementor-column-gap-default\">\n\t\t\t\t\t<div class=\"elementor-column elementor-col-50 elementor-top-column elementor-element elementor-element-6df720f\" data-id=\"6df720f\" data-element_type=\"column\" data-e-type=\"column\">\n\t\t\t<div class=\"elementor-widget-wrap elementor-element-populated\">\n\t\t\t\t\t\t<div class=\"elementor-element elementor-element-877c7e7 elementor-widget elementor-widget-image\" data-id=\"877c7e7\" data-element_type=\"widget\" data-e-type=\"widget\" data-widget_type=\"image.default\">\n\t\t\t\t<div class=\"elementor-widget-container\">\n\t\t\t\t\t\t\t\t\t\t\t\t\t\t\t<img loading=\"lazy\" decoding=\"async\" width=\"600\" height=\"600\" src=\"https:\/\/cbtis117.edu.mx\/wp-content\/uploads\/2025\/08\/dgeti54-1024x1024.jpg\" class=\"attachment-large size-large wp-image-3575\" alt=\"\" srcset=\"https:\/\/cbtis117.edu.mx\/wp-content\/uploads\/2025\/08\/dgeti54-1024x1024.jpg 1024w, https:\/\/cbtis117.edu.mx\/wp-content\/uploads\/2025\/08\/dgeti54-300x300.jpg 300w, https:\/\/cbtis117.edu.mx\/wp-content\/uploads\/2025\/08\/dgeti54-150x150.jpg 150w, https:\/\/cbtis117.edu.mx\/wp-content\/uploads\/2025\/08\/dgeti54-768x768.jpg 768w, https:\/\/cbtis117.edu.mx\/wp-content\/uploads\/2025\/08\/dgeti54.jpg 1080w\" sizes=\"(max-width: 600px) 100vw, 600px\" \/>\t\t\t\t\t\t\t\t\t\t\t\t\t\t\t<\/div>\n\t\t\t\t<\/div>\n\t\t\t\t\t<\/div>\n\t\t<\/div>\n\t\t\t\t<div class=\"elementor-column elementor-col-50 elementor-top-column elementor-element elementor-element-12ec0a1\" data-id=\"12ec0a1\" data-element_type=\"column\" data-e-type=\"column\">\n\t\t\t<div class=\"elementor-widget-wrap elementor-element-populated\">\n\t\t\t\t\t\t<div class=\"elementor-element elementor-element-97152db elementor-widget elementor-widget-text-editor\" data-id=\"97152db\" data-element_type=\"widget\" data-e-type=\"widget\" data-widget_type=\"text-editor.default\">\n\t\t\t\t<div class=\"elementor-widget-container\">\n\t\t\t\t\t\t\t\t\t<div dir=\"auto\">\u00a1Celebramos 54 a\u00f1os de historia, innovaci\u00f3n y compromiso con la educaci\u00f3n tecnol\u00f3gica en M\u00e9xico!<\/div><div dir=\"auto\">\u00a0<\/div><div dir=\"auto\">La DGETI ha formado generaciones de <\/div><\/div><\/div><\/div><\/div><\/div><\/section><\/div>&hellip; <a href=\"https:\/\/cbtis117.edu.mx\/?p=3576\" class=\"read-more\">Seguir Leyendo <\/a>","protected":false},"author":1,"featured_media":0,"parent":0,"menu_order":0,"comment_status":"closed","ping_status":"closed","template":"","meta":{"_monsterinsights_skip_tracking":false,"_monsterinsights_sitenote_active":false,"_monsterinsights_sitenote_note":"","_monsterinsights_sitenote_category":0,"footnotes":""},"class_list":["post-560","page","type-page","status-publish","hentry"],"aioseo_notices":[],"_links":{"self":[{"href":"https:\/\/cbtis117.edu.mx\/index.php?rest_route=\/wp\/v2\/pages\/560","targetHints":{"allow":["GET"]}}],"collection":[{"href":"https:\/\/cbtis117.edu.mx\/index.php?rest_route=\/wp\/v2\/pages"}],"about":[{"href":"https:\/\/cbtis117.edu.mx\/index.php?rest_route=\/wp\/v2\/types\/page"}],"author":[{"embeddable":true,"href":"https:\/\/cbtis117.edu.mx\/index.php?rest_route=\/wp\/v2\/users\/1"}],"replies":[{"embeddable":true,"href":"https:\/\/cbtis117.edu.mx\/index.php?rest_route=%2Fwp%2Fv2%2Fcomments&post=560"}],"version-history":[{"count":527,"href":"https:\/\/cbtis117.edu.mx\/index.php?rest_route=\/wp\/v2\/pages\/560\/revisions"}],"predecessor-version":[{"id":3901,"href":"https:\/\/cbtis117.edu.mx\/index.php?rest_route=\/wp\/v2\/pages\/560\/revisions\/3901"}],"wp:attachment":[{"href":"https:\/\/cbtis117.edu.mx\/index.php?rest_route=%2Fwp%2Fv2%2Fmedia&parent=560"}],"curies":[{"name":"wp","href":"https:\/\/api.w.org\/{rel}","templated":true}]}}