{"id":3845,"date":"2026-02-12T09:56:34","date_gmt":"2026-02-12T15:56:34","guid":{"rendered":"https:\/\/cbtis117.edu.mx\/?page_id=3845"},"modified":"2026-03-24T13:57:05","modified_gmt":"2026-03-24T19:57:05","slug":"nueva-oferta-educativa-2026","status":"publish","type":"page","link":"https:\/\/cbtis117.edu.mx\/?page_id=3845","title":{"rendered":"Nueva Oferta Educativa 2026"},"content":{"rendered":"\t\t<div data-elementor-type=\"wp-page\" data-elementor-id=\"3845\" class=\"elementor elementor-3845\" data-elementor-post-type=\"page\">\n\t\t\t\t\t\t<section class=\"elementor-section elementor-top-section elementor-element elementor-element-1d24105 elementor-section-boxed elementor-section-height-default elementor-section-height-default\" data-id=\"1d24105\" data-element_type=\"section\" data-e-type=\"section\">\n\t\t\t\t\t\t<div class=\"elementor-container elementor-column-gap-default\">\n\t\t\t\t\t<div class=\"elementor-column elementor-col-50 elementor-top-column elementor-element elementor-element-098a493\" data-id=\"098a493\" data-element_type=\"column\" data-e-type=\"column\">\n\t\t\t<div class=\"elementor-widget-wrap elementor-element-populated\">\n\t\t\t\t\t\t<div class=\"elementor-element elementor-element-8feccfa elementor-widget elementor-widget-image\" data-id=\"8feccfa\" data-element_type=\"widget\" data-e-type=\"widget\" data-widget_type=\"image.default\">\n\t\t\t\t<div class=\"elementor-widget-container\">\n\t\t\t\t\t\t\t\t\t\t\t\t\t\t\t<img fetchpriority=\"high\" decoding=\"async\" width=\"600\" height=\"400\" src=\"https:\/\/cbtis117.edu.mx\/wp-content\/uploads\/2026\/03\/oferta_educativa_2026-1024x683.jpeg\" class=\"attachment-large size-large wp-image-3903\" alt=\"\" srcset=\"https:\/\/cbtis117.edu.mx\/wp-content\/uploads\/2026\/03\/oferta_educativa_2026-1024x683.jpeg 1024w, https:\/\/cbtis117.edu.mx\/wp-content\/uploads\/2026\/03\/oferta_educativa_2026-300x200.jpeg 300w, https:\/\/cbtis117.edu.mx\/wp-content\/uploads\/2026\/03\/oferta_educativa_2026-768x512.jpeg 768w, https:\/\/cbtis117.edu.mx\/wp-content\/uploads\/2026\/03\/oferta_educativa_2026-75x50.jpeg 75w, https:\/\/cbtis117.edu.mx\/wp-content\/uploads\/2026\/03\/oferta_educativa_2026.jpeg 1536w\" sizes=\"(max-width: 600px) 100vw, 600px\" \/>\t\t\t\t\t\t\t\t\t\t\t\t\t\t\t<\/div>\n\t\t\t\t<\/div>\n\t\t\t\t\t<\/div>\n\t\t<\/div>\n\t\t\t\t<div class=\"elementor-column elementor-col-50 elementor-top-column elementor-element elementor-element-640a23e\" data-id=\"640a23e\" data-element_type=\"column\" data-e-type=\"column\">\n\t\t\t<div class=\"elementor-widget-wrap elementor-element-populated\">\n\t\t\t\t\t\t<div class=\"elementor-element elementor-element-25ab508 elementor-widget elementor-widget-image\" data-id=\"25ab508\" data-element_type=\"widget\" data-e-type=\"widget\" data-widget_type=\"image.default\">\n\t\t\t\t<div class=\"elementor-widget-container\">\n\t\t\t\t\t\t\t\t\t\t\t\t\t\t\t<img decoding=\"async\" width=\"600\" height=\"400\" src=\"https:\/\/cbtis117.edu.mx\/wp-content\/uploads\/2026\/03\/registro_2026-1024x683.jpeg\" class=\"attachment-large size-large wp-image-3904\" alt=\"\" srcset=\"https:\/\/cbtis117.edu.mx\/wp-content\/uploads\/2026\/03\/registro_2026-1024x683.jpeg 1024w, https:\/\/cbtis117.edu.mx\/wp-content\/uploads\/2026\/03\/registro_2026-300x200.jpeg 300w, https:\/\/cbtis117.edu.mx\/wp-content\/uploads\/2026\/03\/registro_2026-768x512.jpeg 768w, https:\/\/cbtis117.edu.mx\/wp-content\/uploads\/2026\/03\/registro_2026-75x50.jpeg 75w, https:\/\/cbtis117.edu.mx\/wp-content\/uploads\/2026\/03\/registro_2026.jpeg 1536w\" sizes=\"(max-width: 600px) 100vw, 600px\" \/>\t\t\t\t\t\t\t\t\t\t\t\t\t\t\t<\/div>\n\t\t\t\t<\/div>\n\t\t\t\t\t<\/div>\n\t\t<\/div>\n\t\t\t\t\t<\/div>\n\t\t<\/section>\n\t\t\t\t<section class=\"elementor-section elementor-top-section elementor-element elementor-element-bad1653 elementor-section-boxed elementor-section-height-default elementor-section-height-default\" data-id=\"bad1653\" data-element_type=\"section\" data-e-type=\"section\">\n\t\t\t\t\t\t<div class=\"elementor-container elementor-column-gap-default\">\n\t\t\t\t\t<div class=\"elementor-column elementor-col-50 elementor-top-column elementor-element elementor-element-4f95355\" data-id=\"4f95355\" data-element_type=\"column\" data-e-type=\"column\">\n\t\t\t<div class=\"elementor-widget-wrap elementor-element-populated\">\n\t\t\t\t\t\t<div class=\"elementor-element elementor-element-f24cec3 elementor-widget elementor-widget-text-editor\" data-id=\"f24cec3\" data-element_type=\"widget\" data-e-type=\"widget\" data-widget_type=\"text-editor.default\">\n\t\t\t\t<div class=\"elementor-widget-container\">\n\t\t\t\t\t\t\t\t\t<div class=\"xdj266r x14z9mp xat24cr x1lziwak x1vvkbs x126k92a\"><div dir=\"auto\">\u00a1CBTis 117, tu mejor alternativa para estudiar el bachillerato!\u00a0<\/div><div dir=\"auto\">\u00a0<\/div><\/div><div class=\"x14z9mp xat24cr x1lziwak x1vvkbs xtlvy1s x126k92a\"><div dir=\"auto\">En el CBTis 117 formamos j\u00f3venes con visi\u00f3n, compromiso y preparaci\u00f3n para el futuro. Somos una instituci\u00f3n que combina excelencia acad\u00e9mica, formaci\u00f3n t\u00e9cnica y desarrollo integral, brindando a nuestros estudiantes las herramientas necesarias para continuar sus estudios universitarios o incorporarse al mundo laboral con bases s\u00f3lidas.<\/div><div dir=\"auto\">\u00a0<\/div><\/div><div class=\"x14z9mp xat24cr x1lziwak x1vvkbs xtlvy1s x126k92a\"><div dir=\"auto\">Contamos con una amplia oferta educativa, docentes comprometidos y espacios que impulsan el aprendizaje, el deporte y la cultura, fortaleciendo siempre el Orgullo Tigre que nos distingue.<\/div><div dir=\"auto\">\u00a0<\/div><\/div><div class=\"x14z9mp xat24cr x1lziwak x1vvkbs xtlvy1s x126k92a\"><div dir=\"auto\">Si buscas calidad educativa, formaci\u00f3n con valores y oportunidades reales de crecimiento\u2026<\/div><div dir=\"auto\">\u00a0<\/div><div dir=\"auto\">CBTis 117 es tu mejor opci\u00f3n para cursar el bachillerato.<\/div><div dir=\"auto\">\u00a0<\/div><\/div><div class=\"x14z9mp xat24cr x1lziwak x1vvkbs xtlvy1s x126k92a\"><div dir=\"auto\"><span class=\"html-span xdj266r x14z9mp xat24cr x1lziwak xexx8yu xyri2b x18d9i69 x1c1uobl x1hl2dhg x16tdsg8 x1vvkbs\"><a class=\"x1i10hfl xjbqb8w x1ejq31n x18oe1m7 x1sy0etr xstzfhl x972fbf x10w94by x1qhh985 x14e42zd x9f619 x1ypdohk xt0psk2 x3ct3a4 xdj266r x14z9mp xat24cr x1lziwak xexx8yu xyri2b x18d9i69 x1c1uobl x16tdsg8 x1hl2dhg xggy1nq x1a2a7pz xkrqix3 x1sur9pj x1fey0fg x1s688f\" tabindex=\"0\" role=\"link\" href=\"https:\/\/www.facebook.com\/hashtag\/orgullotigre?__eep__=6&amp;__cft__[0]=AZbAWZlf1C143VAxKRyq_u5RkbRyMyZEmlOobiRrLs46ghSORsCUADqN-vjwcTBzpiBlWfXkhUY79_Qw0omm0CGSE0g0pSRPnuppCKsAv7tVlwG2-KyKA897bk79ReLdDUwnTXasgYlyEixUpEsd6Ea1&amp;__tn__=*NK-R\">#OrgulloTigre<\/a><\/span> <span class=\"html-span xdj266r x14z9mp xat24cr x1lziwak xexx8yu xyri2b x18d9i69 x1c1uobl x1hl2dhg x16tdsg8 x1vvkbs\"><a class=\"x1i10hfl xjbqb8w x1ejq31n x18oe1m7 x1sy0etr xstzfhl x972fbf x10w94by x1qhh985 x14e42zd x9f619 x1ypdohk xt0psk2 x3ct3a4 xdj266r x14z9mp xat24cr x1lziwak xexx8yu xyri2b x18d9i69 x1c1uobl x16tdsg8 x1hl2dhg xggy1nq x1a2a7pz xkrqix3 x1sur9pj x1fey0fg x1s688f\" tabindex=\"0\" role=\"link\" href=\"https:\/\/www.facebook.com\/hashtag\/cbtis117?__eep__=6&amp;__cft__[0]=AZbAWZlf1C143VAxKRyq_u5RkbRyMyZEmlOobiRrLs46ghSORsCUADqN-vjwcTBzpiBlWfXkhUY79_Qw0omm0CGSE0g0pSRPnuppCKsAv7tVlwG2-KyKA897bk79ReLdDUwnTXasgYlyEixUpEsd6Ea1&amp;__tn__=*NK-R\">#CBTis117<\/a><\/span> <span class=\"html-span xdj266r x14z9mp xat24cr x1lziwak xexx8yu xyri2b x18d9i69 x1c1uobl x1hl2dhg x16tdsg8 x1vvkbs\"><a class=\"x1i10hfl xjbqb8w x1ejq31n x18oe1m7 x1sy0etr xstzfhl x972fbf x10w94by x1qhh985 x14e42zd x9f619 x1ypdohk xt0psk2 x3ct3a4 xdj266r x14z9mp xat24cr x1lziwak xexx8yu xyri2b x18d9i69 x1c1uobl x16tdsg8 x1hl2dhg xggy1nq x1a2a7pz xkrqix3 x1sur9pj x1fey0fg x1s688f\" tabindex=\"0\" role=\"link\" href=\"https:\/\/www.facebook.com\/hashtag\/tumejoropci%C3%B3n?__eep__=6&amp;__cft__[0]=AZbAWZlf1C143VAxKRyq_u5RkbRyMyZEmlOobiRrLs46ghSORsCUADqN-vjwcTBzpiBlWfXkhUY79_Qw0omm0CGSE0g0pSRPnuppCKsAv7tVlwG2-KyKA897bk79ReLdDUwnTXasgYlyEixUpEsd6Ea1&amp;__tn__=*NK-R\">#TuMejorOpci\u00f3n<\/a><\/span> <span class=\"html-span xdj266r x14z9mp xat24cr x1lziwak xexx8yu xyri2b x18d9i69 x1c1uobl x1hl2dhg x16tdsg8 x1vvkbs\"><a class=\"x1i10hfl xjbqb8w x1ejq31n x18oe1m7 x1sy0etr xstzfhl x972fbf x10w94by x1qhh985 x14e42zd x9f619 x1ypdohk xt0psk2 x3ct3a4 xdj266r x14z9mp xat24cr x1lziwak xexx8yu xyri2b x18d9i69 x1c1uobl x16tdsg8 x1hl2dhg xggy1nq x1a2a7pz xkrqix3 x1sur9pj x1fey0fg x1s688f\" tabindex=\"0\" role=\"link\" href=\"https:\/\/www.facebook.com\/hashtag\/educaci%C3%B3ndecalidad?__eep__=6&amp;__cft__[0]=AZbAWZlf1C143VAxKRyq_u5RkbRyMyZEmlOobiRrLs46ghSORsCUADqN-vjwcTBzpiBlWfXkhUY79_Qw0omm0CGSE0g0pSRPnuppCKsAv7tVlwG2-KyKA897bk79ReLdDUwnTXasgYlyEixUpEsd6Ea1&amp;__tn__=*NK-R\">#Educaci\u00f3nDeCalidad<\/a><\/span><\/div><\/div>\t\t\t\t\t\t\t\t<\/div>\n\t\t\t\t<\/div>\n\t\t\t\t\t<\/div>\n\t\t<\/div>\n\t\t\t\t<div class=\"elementor-column elementor-col-50 elementor-top-column elementor-element elementor-element-72903ca\" data-id=\"72903ca\" data-element_type=\"column\" data-e-type=\"column\">\n\t\t\t<div class=\"elementor-widget-wrap elementor-element-populated\">\n\t\t\t\t\t\t<div class=\"elementor-element elementor-element-828b31e elementor-widget elementor-widget-image\" data-id=\"828b31e\" data-element_type=\"widget\" data-e-type=\"widget\" data-widget_type=\"image.default\">\n\t\t\t\t<div class=\"elementor-widget-container\">\n\t\t\t\t\t\t\t\t\t\t\t\t\t\t\t<img decoding=\"async\" width=\"600\" height=\"400\" src=\"https:\/\/cbtis117.edu.mx\/wp-content\/uploads\/2026\/02\/ofertaprincipal-1024x683.jpg\" class=\"attachment-large size-large wp-image-3873\" alt=\"\" srcset=\"https:\/\/cbtis117.edu.mx\/wp-content\/uploads\/2026\/02\/ofertaprincipal-1024x683.jpg 1024w, https:\/\/cbtis117.edu.mx\/wp-content\/uploads\/2026\/02\/ofertaprincipal-300x200.jpg 300w, https:\/\/cbtis117.edu.mx\/wp-content\/uploads\/2026\/02\/ofertaprincipal-768x512.jpg 768w, https:\/\/cbtis117.edu.mx\/wp-content\/uploads\/2026\/02\/ofertaprincipal-75x50.jpg 75w, https:\/\/cbtis117.edu.mx\/wp-content\/uploads\/2026\/02\/ofertaprincipal.jpg 1536w\" sizes=\"(max-width: 600px) 100vw, 600px\" \/>\t\t\t\t\t\t\t\t\t\t\t\t\t\t\t<\/div>\n\t\t\t\t<\/div>\n\t\t\t\t\t<\/div>\n\t\t<\/div>\n\t\t\t\t\t<\/div>\n\t\t<\/section>\n\t\t\t\t<section class=\"elementor-section elementor-top-section elementor-element elementor-element-7dc18d7 elementor-section-boxed elementor-section-height-default elementor-section-height-default\" data-id=\"7dc18d7\" data-element_type=\"section\" data-e-type=\"section\">\n\t\t\t\t\t\t<div class=\"elementor-container elementor-column-gap-default\">\n\t\t\t\t\t<div class=\"elementor-column elementor-col-100 elementor-top-column elementor-element elementor-element-27eafcf\" data-id=\"27eafcf\" data-element_type=\"column\" data-e-type=\"column\">\n\t\t\t<div class=\"elementor-widget-wrap elementor-element-populated\">\n\t\t\t\t\t\t<div class=\"elementor-element elementor-element-45d066c elementor-widget elementor-widget-image\" data-id=\"45d066c\" data-element_type=\"widget\" data-e-type=\"widget\" data-widget_type=\"image.default\">\n\t\t\t\t<div class=\"elementor-widget-container\">\n\t\t\t\t\t\t\t\t\t\t\t\t\t\t\t<img loading=\"lazy\" decoding=\"async\" width=\"600\" height=\"900\" src=\"https:\/\/cbtis117.edu.mx\/wp-content\/uploads\/2026\/02\/nuevaofertaeducativa-683x1024.jpeg\" class=\"attachment-large size-large wp-image-3839\" alt=\"\" srcset=\"https:\/\/cbtis117.edu.mx\/wp-content\/uploads\/2026\/02\/nuevaofertaeducativa-683x1024.jpeg 683w, https:\/\/cbtis117.edu.mx\/wp-content\/uploads\/2026\/02\/nuevaofertaeducativa-200x300.jpeg 200w, https:\/\/cbtis117.edu.mx\/wp-content\/uploads\/2026\/02\/nuevaofertaeducativa-768x1152.jpeg 768w, https:\/\/cbtis117.edu.mx\/wp-content\/uploads\/2026\/02\/nuevaofertaeducativa.jpeg 1024w\" sizes=\"(max-width: 600px) 100vw, 600px\" \/>\t\t\t\t\t\t\t\t\t\t\t\t\t\t\t<\/div>\n\t\t\t\t<\/div>\n\t\t\t\t\t<\/div>\n\t\t<\/div>\n\t\t\t\t\t<\/div>\n\t\t<\/section>\n\t\t\t\t<\/div>\n\t\t","protected":false},"excerpt":{"rendered":"<p>\u00a1CBTis 117, tu mejor alternativa para estudiar el bachillerato!\u00a0\u00a0En el CBTis 117 formamos j\u00f3venes con visi\u00f3n, compromiso y preparaci\u00f3n para el futuro. Somos una instituci\u00f3n que combina excelencia acad\u00e9mica, formaci\u00f3n t\u00e9cnica y desarrollo integral, brindando a nuestros estudiantes las herramientas necesarias para continuar sus estudios universitarios o incorporarse al mundo laboral con bases s\u00f3lidas.\u00a0Contamos con [&hellip;]<\/p>\n","protected":false},"author":1,"featured_media":0,"parent":0,"menu_order":0,"comment_status":"closed","ping_status":"closed","template":"","meta":{"_monsterinsights_skip_tracking":false,"_monsterinsights_sitenote_active":false,"_monsterinsights_sitenote_note":"","_monsterinsights_sitenote_category":0,"footnotes":""},"class_list":["post-3845","page","type-page","status-publish","hentry"],"aioseo_notices":[],"_links":{"self":[{"href":"https:\/\/cbtis117.edu.mx\/index.php?rest_route=\/wp\/v2\/pages\/3845","targetHints":{"allow":["GET"]}}],"collection":[{"href":"https:\/\/cbtis117.edu.mx\/index.php?rest_route=\/wp\/v2\/pages"}],"about":[{"href":"https:\/\/cbtis117.edu.mx\/index.php?rest_route=\/wp\/v2\/types\/page"}],"author":[{"embeddable":true,"href":"https:\/\/cbtis117.edu.mx\/index.php?rest_route=\/wp\/v2\/users\/1"}],"replies":[{"embeddable":true,"href":"https:\/\/cbtis117.edu.mx\/index.php?rest_route=%2Fwp%2Fv2%2Fcomments&post=3845"}],"version-history":[{"count":10,"href":"https:\/\/cbtis117.edu.mx\/index.php?rest_route=\/wp\/v2\/pages\/3845\/revisions"}],"predecessor-version":[{"id":3907,"href":"https:\/\/cbtis117.edu.mx\/index.php?rest_route=\/wp\/v2\/pages\/3845\/revisions\/3907"}],"wp:attachment":[{"href":"https:\/\/cbtis117.edu.mx\/index.php?rest_route=%2Fwp%2Fv2%2Fmedia&parent=3845"}],"curies":[{"name":"wp","href":"https:\/\/api.w.org\/{rel}","templated":true}]}}