{"id":2331,"date":"2021-09-08T21:44:46","date_gmt":"2021-09-09T03:44:46","guid":{"rendered":"https:\/\/cbtis117.edu.mx\/?page_id=2331"},"modified":"2021-09-08T21:47:18","modified_gmt":"2021-09-09T03:47:18","slug":"titulacion-2021","status":"publish","type":"page","link":"https:\/\/cbtis117.edu.mx\/?page_id=2331","title":{"rendered":"Titulaci\u00f3n 2021"},"content":{"rendered":"\t\t<div data-elementor-type=\"wp-page\" data-elementor-id=\"2331\" class=\"elementor elementor-2331\" data-elementor-post-type=\"page\">\n\t\t\t\t\t\t<section class=\"elementor-section elementor-top-section elementor-element elementor-element-56a34c4 elementor-section-boxed elementor-section-height-default elementor-section-height-default\" data-id=\"56a34c4\" data-element_type=\"section\" data-e-type=\"section\">\n\t\t\t\t\t\t<div class=\"elementor-container elementor-column-gap-default\">\n\t\t\t\t\t<div class=\"elementor-column elementor-col-100 elementor-top-column elementor-element elementor-element-e82fa5c\" data-id=\"e82fa5c\" data-element_type=\"column\" data-e-type=\"column\">\n\t\t\t<div class=\"elementor-widget-wrap elementor-element-populated\">\n\t\t\t\t\t\t<div class=\"elementor-element elementor-element-d59a10d elementor-widget elementor-widget-video\" data-id=\"d59a10d\" data-element_type=\"widget\" data-e-type=\"widget\" data-settings=\"{&quot;youtube_url&quot;:&quot;https:\\\/\\\/youtu.be\\\/Nm1sbRNBYWo&quot;,&quot;video_type&quot;:&quot;youtube&quot;,&quot;controls&quot;:&quot;yes&quot;}\" data-widget_type=\"video.default\">\n\t\t\t\t<div class=\"elementor-widget-container\">\n\t\t\t\t\t\t\t<div class=\"elementor-wrapper elementor-open-inline\">\n\t\t\t<div class=\"elementor-video\"><\/div>\t\t<\/div>\n\t\t\t\t\t\t<\/div>\n\t\t\t\t<\/div>\n\t\t\t\t\t<\/div>\n\t\t<\/div>\n\t\t\t\t\t<\/div>\n\t\t<\/section>\n\t\t\t\t<section class=\"elementor-section elementor-top-section elementor-element elementor-element-64a02d5 elementor-section-boxed elementor-section-height-default elementor-section-height-default\" data-id=\"64a02d5\" data-element_type=\"section\" data-e-type=\"section\">\n\t\t\t\t\t\t<div class=\"elementor-container elementor-column-gap-default\">\n\t\t\t\t\t<div class=\"elementor-column elementor-col-100 elementor-top-column elementor-element elementor-element-95de0f4\" data-id=\"95de0f4\" data-element_type=\"column\" data-e-type=\"column\">\n\t\t\t<div class=\"elementor-widget-wrap elementor-element-populated\">\n\t\t\t\t\t\t<div class=\"elementor-element elementor-element-fdc9d01 elementor-widget elementor-widget-heading\" data-id=\"fdc9d01\" data-element_type=\"widget\" data-e-type=\"widget\" data-widget_type=\"heading.default\">\n\t\t\t\t<div class=\"elementor-widget-container\">\n\t\t\t\t\t<h2 class=\"elementor-heading-title elementor-size-default\">ADMINISTRACI\u00d3N<\/h2>\t\t\t\t<\/div>\n\t\t\t\t<\/div>\n\t\t\t\t\t<\/div>\n\t\t<\/div>\n\t\t\t\t\t<\/div>\n\t\t<\/section>\n\t\t\t\t<section class=\"elementor-section elementor-top-section elementor-element elementor-element-3feaaea elementor-section-boxed elementor-section-height-default elementor-section-height-default\" data-id=\"3feaaea\" data-element_type=\"section\" data-e-type=\"section\">\n\t\t\t\t\t\t<div class=\"elementor-container elementor-column-gap-default\">\n\t\t\t\t\t<div class=\"elementor-column elementor-col-50 elementor-top-column elementor-element elementor-element-48026f1\" data-id=\"48026f1\" data-element_type=\"column\" data-e-type=\"column\">\n\t\t\t<div class=\"elementor-widget-wrap elementor-element-populated\">\n\t\t\t\t\t\t<div class=\"elementor-element elementor-element-11e16de elementor-widget elementor-widget-image\" data-id=\"11e16de\" data-element_type=\"widget\" data-e-type=\"widget\" data-widget_type=\"image.default\">\n\t\t\t\t<div class=\"elementor-widget-container\">\n\t\t\t\t\t\t\t\t\t\t\t\t\t\t\t<img fetchpriority=\"high\" decoding=\"async\" width=\"600\" height=\"338\" src=\"https:\/\/cbtis117.edu.mx\/wp-content\/uploads\/2021\/09\/titadm1-1024x576.jpeg\" class=\"attachment-large size-large wp-image-2318\" alt=\"\" srcset=\"https:\/\/cbtis117.edu.mx\/wp-content\/uploads\/2021\/09\/titadm1-1024x576.jpeg 1024w, https:\/\/cbtis117.edu.mx\/wp-content\/uploads\/2021\/09\/titadm1-300x169.jpeg 300w, https:\/\/cbtis117.edu.mx\/wp-content\/uploads\/2021\/09\/titadm1-768x432.jpeg 768w, https:\/\/cbtis117.edu.mx\/wp-content\/uploads\/2021\/09\/titadm1.jpeg 1280w\" sizes=\"(max-width: 600px) 100vw, 600px\" \/>\t\t\t\t\t\t\t\t\t\t\t\t\t\t\t<\/div>\n\t\t\t\t<\/div>\n\t\t\t\t\t<\/div>\n\t\t<\/div>\n\t\t\t\t<div class=\"elementor-column elementor-col-50 elementor-top-column elementor-element elementor-element-ad5795b\" data-id=\"ad5795b\" data-element_type=\"column\" data-e-type=\"column\">\n\t\t\t<div class=\"elementor-widget-wrap elementor-element-populated\">\n\t\t\t\t\t\t<div class=\"elementor-element elementor-element-235debe elementor-widget elementor-widget-image\" data-id=\"235debe\" data-element_type=\"widget\" data-e-type=\"widget\" data-widget_type=\"image.default\">\n\t\t\t\t<div class=\"elementor-widget-container\">\n\t\t\t\t\t\t\t\t\t\t\t\t\t\t\t<img decoding=\"async\" width=\"600\" height=\"338\" src=\"https:\/\/cbtis117.edu.mx\/wp-content\/uploads\/2021\/09\/titadm2-1024x576.jpeg\" class=\"attachment-large size-large wp-image-2319\" alt=\"\" srcset=\"https:\/\/cbtis117.edu.mx\/wp-content\/uploads\/2021\/09\/titadm2-1024x576.jpeg 1024w, https:\/\/cbtis117.edu.mx\/wp-content\/uploads\/2021\/09\/titadm2-300x169.jpeg 300w, https:\/\/cbtis117.edu.mx\/wp-content\/uploads\/2021\/09\/titadm2-768x432.jpeg 768w, https:\/\/cbtis117.edu.mx\/wp-content\/uploads\/2021\/09\/titadm2.jpeg 1280w\" sizes=\"(max-width: 600px) 100vw, 600px\" \/>\t\t\t\t\t\t\t\t\t\t\t\t\t\t\t<\/div>\n\t\t\t\t<\/div>\n\t\t\t\t\t<\/div>\n\t\t<\/div>\n\t\t\t\t\t<\/div>\n\t\t<\/section>\n\t\t\t\t<section class=\"elementor-section elementor-top-section elementor-element elementor-element-deb99da elementor-section-boxed elementor-section-height-default elementor-section-height-default\" data-id=\"deb99da\" data-element_type=\"section\" data-e-type=\"section\">\n\t\t\t\t\t\t<div class=\"elementor-container elementor-column-gap-default\">\n\t\t\t\t\t<div class=\"elementor-column elementor-col-50 elementor-top-column elementor-element elementor-element-193ff56\" data-id=\"193ff56\" data-element_type=\"column\" data-e-type=\"column\">\n\t\t\t<div class=\"elementor-widget-wrap elementor-element-populated\">\n\t\t\t\t\t\t<div class=\"elementor-element elementor-element-93f958b elementor-widget elementor-widget-heading\" data-id=\"93f958b\" data-element_type=\"widget\" data-e-type=\"widget\" data-widget_type=\"heading.default\">\n\t\t\t\t<div class=\"elementor-widget-container\">\n\t\t\t\t\t<h2 class=\"elementor-heading-title elementor-size-default\">CONTABILIDAD<\/h2>\t\t\t\t<\/div>\n\t\t\t\t<\/div>\n\t\t\t\t<div class=\"elementor-element elementor-element-17bcaaa elementor-widget elementor-widget-image\" data-id=\"17bcaaa\" data-element_type=\"widget\" data-e-type=\"widget\" data-widget_type=\"image.default\">\n\t\t\t\t<div class=\"elementor-widget-container\">\n\t\t\t\t\t\t\t\t\t\t\t\t\t\t\t<img decoding=\"async\" width=\"600\" height=\"338\" src=\"https:\/\/cbtis117.edu.mx\/wp-content\/uploads\/2021\/09\/titconta-1024x576.jpeg\" class=\"attachment-large size-large wp-image-2320\" alt=\"\" srcset=\"https:\/\/cbtis117.edu.mx\/wp-content\/uploads\/2021\/09\/titconta-1024x576.jpeg 1024w, https:\/\/cbtis117.edu.mx\/wp-content\/uploads\/2021\/09\/titconta-300x169.jpeg 300w, https:\/\/cbtis117.edu.mx\/wp-content\/uploads\/2021\/09\/titconta-768x432.jpeg 768w, https:\/\/cbtis117.edu.mx\/wp-content\/uploads\/2021\/09\/titconta.jpeg 1280w\" sizes=\"(max-width: 600px) 100vw, 600px\" \/>\t\t\t\t\t\t\t\t\t\t\t\t\t\t\t<\/div>\n\t\t\t\t<\/div>\n\t\t\t\t\t<\/div>\n\t\t<\/div>\n\t\t\t\t<div class=\"elementor-column elementor-col-50 elementor-top-column elementor-element elementor-element-e44a849\" data-id=\"e44a849\" data-element_type=\"column\" data-e-type=\"column\">\n\t\t\t<div class=\"elementor-widget-wrap elementor-element-populated\">\n\t\t\t\t\t\t<div class=\"elementor-element elementor-element-a9e0553 elementor-widget elementor-widget-heading\" data-id=\"a9e0553\" data-element_type=\"widget\" data-e-type=\"widget\" data-widget_type=\"heading.default\">\n\t\t\t\t<div class=\"elementor-widget-container\">\n\t\t\t\t\t<h2 class=\"elementor-heading-title elementor-size-default\">PROGRAMACI\u00d3N<\/h2>\t\t\t\t<\/div>\n\t\t\t\t<\/div>\n\t\t\t\t<div class=\"elementor-element elementor-element-2292183 elementor-widget elementor-widget-image\" data-id=\"2292183\" data-element_type=\"widget\" data-e-type=\"widget\" data-widget_type=\"image.default\">\n\t\t\t\t<div class=\"elementor-widget-container\">\n\t\t\t\t\t\t\t\t\t\t\t\t\t\t\t<img loading=\"lazy\" decoding=\"async\" width=\"600\" height=\"338\" src=\"https:\/\/cbtis117.edu.mx\/wp-content\/uploads\/2021\/09\/titprogra-1024x576.jpeg\" class=\"attachment-large size-large wp-image-2324\" alt=\"\" srcset=\"https:\/\/cbtis117.edu.mx\/wp-content\/uploads\/2021\/09\/titprogra-1024x576.jpeg 1024w, https:\/\/cbtis117.edu.mx\/wp-content\/uploads\/2021\/09\/titprogra-300x169.jpeg 300w, https:\/\/cbtis117.edu.mx\/wp-content\/uploads\/2021\/09\/titprogra-768x432.jpeg 768w, https:\/\/cbtis117.edu.mx\/wp-content\/uploads\/2021\/09\/titprogra.jpeg 1280w\" sizes=\"(max-width: 600px) 100vw, 600px\" \/>\t\t\t\t\t\t\t\t\t\t\t\t\t\t\t<\/div>\n\t\t\t\t<\/div>\n\t\t\t\t\t<\/div>\n\t\t<\/div>\n\t\t\t\t\t<\/div>\n\t\t<\/section>\n\t\t\t\t<section class=\"elementor-section elementor-top-section elementor-element elementor-element-48fad15 elementor-section-boxed elementor-section-height-default elementor-section-height-default\" data-id=\"48fad15\" data-element_type=\"section\" data-e-type=\"section\">\n\t\t\t\t\t\t<div class=\"elementor-container elementor-column-gap-default\">\n\t\t\t\t\t<div class=\"elementor-column elementor-col-50 elementor-top-column elementor-element elementor-element-f818c42\" data-id=\"f818c42\" data-element_type=\"column\" data-e-type=\"column\">\n\t\t\t<div class=\"elementor-widget-wrap elementor-element-populated\">\n\t\t\t\t\t\t<div class=\"elementor-element elementor-element-d8ba932 elementor-widget elementor-widget-heading\" data-id=\"d8ba932\" data-element_type=\"widget\" data-e-type=\"widget\" data-widget_type=\"heading.default\">\n\t\t\t\t<div class=\"elementor-widget-container\">\n\t\t\t\t\t<h2 class=\"elementor-heading-title elementor-size-default\">ELECTROMECANICA<\/h2>\t\t\t\t<\/div>\n\t\t\t\t<\/div>\n\t\t\t\t<div class=\"elementor-element elementor-element-8e095f7 elementor-widget elementor-widget-image\" data-id=\"8e095f7\" data-element_type=\"widget\" data-e-type=\"widget\" data-widget_type=\"image.default\">\n\t\t\t\t<div class=\"elementor-widget-container\">\n\t\t\t\t\t\t\t\t\t\t\t\t\t\t\t<img loading=\"lazy\" decoding=\"async\" width=\"600\" height=\"338\" src=\"https:\/\/cbtis117.edu.mx\/wp-content\/uploads\/2021\/09\/titelecto-1024x576.jpeg\" class=\"attachment-large size-large wp-image-2321\" alt=\"\" srcset=\"https:\/\/cbtis117.edu.mx\/wp-content\/uploads\/2021\/09\/titelecto-1024x576.jpeg 1024w, https:\/\/cbtis117.edu.mx\/wp-content\/uploads\/2021\/09\/titelecto-300x169.jpeg 300w, https:\/\/cbtis117.edu.mx\/wp-content\/uploads\/2021\/09\/titelecto-768x432.jpeg 768w, https:\/\/cbtis117.edu.mx\/wp-content\/uploads\/2021\/09\/titelecto.jpeg 1280w\" sizes=\"(max-width: 600px) 100vw, 600px\" \/>\t\t\t\t\t\t\t\t\t\t\t\t\t\t\t<\/div>\n\t\t\t\t<\/div>\n\t\t\t\t\t<\/div>\n\t\t<\/div>\n\t\t\t\t<div class=\"elementor-column elementor-col-50 elementor-top-column elementor-element elementor-element-1c90b55\" data-id=\"1c90b55\" data-element_type=\"column\" data-e-type=\"column\">\n\t\t\t<div class=\"elementor-widget-wrap elementor-element-populated\">\n\t\t\t\t\t\t<div class=\"elementor-element elementor-element-e94241f elementor-widget elementor-widget-heading\" data-id=\"e94241f\" data-element_type=\"widget\" data-e-type=\"widget\" data-widget_type=\"heading.default\">\n\t\t\t\t<div class=\"elementor-widget-container\">\n\t\t\t\t\t<h2 class=\"elementor-heading-title elementor-size-default\">SOPORTE Y MANTENIMIENTO<\/h2>\t\t\t\t<\/div>\n\t\t\t\t<\/div>\n\t\t\t\t<div class=\"elementor-element elementor-element-005965b elementor-widget elementor-widget-image\" data-id=\"005965b\" data-element_type=\"widget\" data-e-type=\"widget\" data-widget_type=\"image.default\">\n\t\t\t\t<div class=\"elementor-widget-container\">\n\t\t\t\t\t\t\t\t\t\t\t\t\t\t\t<img loading=\"lazy\" decoding=\"async\" width=\"600\" height=\"338\" src=\"https:\/\/cbtis117.edu.mx\/wp-content\/uploads\/2021\/09\/titsoporte-1024x576.jpeg\" class=\"attachment-large size-large wp-image-2327\" alt=\"\" srcset=\"https:\/\/cbtis117.edu.mx\/wp-content\/uploads\/2021\/09\/titsoporte-1024x576.jpeg 1024w, https:\/\/cbtis117.edu.mx\/wp-content\/uploads\/2021\/09\/titsoporte-300x169.jpeg 300w, https:\/\/cbtis117.edu.mx\/wp-content\/uploads\/2021\/09\/titsoporte-768x432.jpeg 768w, https:\/\/cbtis117.edu.mx\/wp-content\/uploads\/2021\/09\/titsoporte.jpeg 1280w\" sizes=\"(max-width: 600px) 100vw, 600px\" \/>\t\t\t\t\t\t\t\t\t\t\t\t\t\t\t<\/div>\n\t\t\t\t<\/div>\n\t\t\t\t\t<\/div>\n\t\t<\/div>\n\t\t\t\t\t<\/div>\n\t\t<\/section>\n\t\t\t\t<section class=\"elementor-section elementor-top-section elementor-element elementor-element-3c14922 elementor-section-boxed elementor-section-height-default elementor-section-height-default\" data-id=\"3c14922\" data-element_type=\"section\" data-e-type=\"section\">\n\t\t\t\t\t\t<div class=\"elementor-container elementor-column-gap-default\">\n\t\t\t\t\t<div class=\"elementor-column elementor-col-100 elementor-top-column elementor-element elementor-element-c7da222\" data-id=\"c7da222\" data-element_type=\"column\" data-e-type=\"column\">\n\t\t\t<div class=\"elementor-widget-wrap elementor-element-populated\">\n\t\t\t\t\t\t<div class=\"elementor-element elementor-element-1ff22b7 elementor-widget elementor-widget-heading\" data-id=\"1ff22b7\" data-element_type=\"widget\" data-e-type=\"widget\" data-widget_type=\"heading.default\">\n\t\t\t\t<div class=\"elementor-widget-container\">\n\t\t\t\t\t<h2 class=\"elementor-heading-title elementor-size-default\">ELECTRONICA<\/h2>\t\t\t\t<\/div>\n\t\t\t\t<\/div>\n\t\t\t\t\t<\/div>\n\t\t<\/div>\n\t\t\t\t\t<\/div>\n\t\t<\/section>\n\t\t\t\t<section class=\"elementor-section elementor-top-section elementor-element elementor-element-a925c2a elementor-section-boxed elementor-section-height-default elementor-section-height-default\" data-id=\"a925c2a\" data-element_type=\"section\" data-e-type=\"section\">\n\t\t\t\t\t\t<div class=\"elementor-container elementor-column-gap-default\">\n\t\t\t\t\t<div class=\"elementor-column elementor-col-50 elementor-top-column elementor-element elementor-element-8a8643c\" data-id=\"8a8643c\" data-element_type=\"column\" data-e-type=\"column\">\n\t\t\t<div class=\"elementor-widget-wrap elementor-element-populated\">\n\t\t\t\t\t\t<div class=\"elementor-element elementor-element-207b602 elementor-widget elementor-widget-image\" data-id=\"207b602\" data-element_type=\"widget\" data-e-type=\"widget\" data-widget_type=\"image.default\">\n\t\t\t\t<div class=\"elementor-widget-container\">\n\t\t\t\t\t\t\t\t\t\t\t\t\t\t\t<img loading=\"lazy\" decoding=\"async\" width=\"600\" height=\"338\" src=\"https:\/\/cbtis117.edu.mx\/wp-content\/uploads\/2021\/09\/titelectronica1-1024x576.jpeg\" class=\"attachment-large size-large wp-image-2322\" alt=\"\" srcset=\"https:\/\/cbtis117.edu.mx\/wp-content\/uploads\/2021\/09\/titelectronica1-1024x576.jpeg 1024w, https:\/\/cbtis117.edu.mx\/wp-content\/uploads\/2021\/09\/titelectronica1-300x169.jpeg 300w, https:\/\/cbtis117.edu.mx\/wp-content\/uploads\/2021\/09\/titelectronica1-768x432.jpeg 768w, https:\/\/cbtis117.edu.mx\/wp-content\/uploads\/2021\/09\/titelectronica1.jpeg 1280w\" sizes=\"(max-width: 600px) 100vw, 600px\" \/>\t\t\t\t\t\t\t\t\t\t\t\t\t\t\t<\/div>\n\t\t\t\t<\/div>\n\t\t\t\t\t<\/div>\n\t\t<\/div>\n\t\t\t\t<div class=\"elementor-column elementor-col-50 elementor-top-column elementor-element elementor-element-2be3241\" data-id=\"2be3241\" data-element_type=\"column\" data-e-type=\"column\">\n\t\t\t<div class=\"elementor-widget-wrap elementor-element-populated\">\n\t\t\t\t\t\t<div class=\"elementor-element elementor-element-dfc8662 elementor-widget elementor-widget-image\" data-id=\"dfc8662\" data-element_type=\"widget\" data-e-type=\"widget\" data-widget_type=\"image.default\">\n\t\t\t\t<div class=\"elementor-widget-container\">\n\t\t\t\t\t\t\t\t\t\t\t\t\t\t\t<img loading=\"lazy\" decoding=\"async\" width=\"600\" height=\"338\" src=\"https:\/\/cbtis117.edu.mx\/wp-content\/uploads\/2021\/09\/titelectronica2-1024x576.jpeg\" class=\"attachment-large size-large wp-image-2323\" alt=\"\" srcset=\"https:\/\/cbtis117.edu.mx\/wp-content\/uploads\/2021\/09\/titelectronica2-1024x576.jpeg 1024w, https:\/\/cbtis117.edu.mx\/wp-content\/uploads\/2021\/09\/titelectronica2-300x169.jpeg 300w, https:\/\/cbtis117.edu.mx\/wp-content\/uploads\/2021\/09\/titelectronica2-768x432.jpeg 768w, https:\/\/cbtis117.edu.mx\/wp-content\/uploads\/2021\/09\/titelectronica2.jpeg 1280w\" sizes=\"(max-width: 600px) 100vw, 600px\" \/>\t\t\t\t\t\t\t\t\t\t\t\t\t\t\t<\/div>\n\t\t\t\t<\/div>\n\t\t\t\t\t<\/div>\n\t\t<\/div>\n\t\t\t\t\t<\/div>\n\t\t<\/section>\n\t\t\t\t<section class=\"elementor-section elementor-top-section elementor-element elementor-element-81c3ffb elementor-section-boxed elementor-section-height-default elementor-section-height-default\" data-id=\"81c3ffb\" data-element_type=\"section\" data-e-type=\"section\">\n\t\t\t\t\t\t<div class=\"elementor-container elementor-column-gap-default\">\n\t\t\t\t\t<div class=\"elementor-column elementor-col-100 elementor-top-column elementor-element elementor-element-b49f286\" data-id=\"b49f286\" data-element_type=\"column\" data-e-type=\"column\">\n\t\t\t<div class=\"elementor-widget-wrap elementor-element-populated\">\n\t\t\t\t\t\t<div class=\"elementor-element elementor-element-08f6c07 elementor-widget elementor-widget-heading\" data-id=\"08f6c07\" data-element_type=\"widget\" data-e-type=\"widget\" data-widget_type=\"heading.default\">\n\t\t\t\t<div class=\"elementor-widget-container\">\n\t\t\t\t\t<h2 class=\"elementor-heading-title elementor-size-default\">SECRETARIADO EJECUTIVO Y BILING\u00dcE<\/h2>\t\t\t\t<\/div>\n\t\t\t\t<\/div>\n\t\t\t\t\t<\/div>\n\t\t<\/div>\n\t\t\t\t\t<\/div>\n\t\t<\/section>\n\t\t\t\t<section class=\"elementor-section elementor-top-section elementor-element elementor-element-c87b8bf elementor-section-boxed elementor-section-height-default elementor-section-height-default\" data-id=\"c87b8bf\" data-element_type=\"section\" data-e-type=\"section\">\n\t\t\t\t\t\t<div class=\"elementor-container elementor-column-gap-default\">\n\t\t\t\t\t<div class=\"elementor-column elementor-col-50 elementor-top-column elementor-element elementor-element-78245e0\" data-id=\"78245e0\" data-element_type=\"column\" data-e-type=\"column\">\n\t\t\t<div class=\"elementor-widget-wrap elementor-element-populated\">\n\t\t\t\t\t\t<div class=\"elementor-element elementor-element-4f038e1 elementor-widget elementor-widget-image\" data-id=\"4f038e1\" data-element_type=\"widget\" data-e-type=\"widget\" data-widget_type=\"image.default\">\n\t\t\t\t<div class=\"elementor-widget-container\">\n\t\t\t\t\t\t\t\t\t\t\t\t\t\t\t<img loading=\"lazy\" decoding=\"async\" width=\"600\" height=\"338\" src=\"https:\/\/cbtis117.edu.mx\/wp-content\/uploads\/2021\/09\/titseb-1024x576.jpeg\" class=\"attachment-large size-large wp-image-2325\" alt=\"\" srcset=\"https:\/\/cbtis117.edu.mx\/wp-content\/uploads\/2021\/09\/titseb-1024x576.jpeg 1024w, https:\/\/cbtis117.edu.mx\/wp-content\/uploads\/2021\/09\/titseb-300x169.jpeg 300w, https:\/\/cbtis117.edu.mx\/wp-content\/uploads\/2021\/09\/titseb-768x432.jpeg 768w, https:\/\/cbtis117.edu.mx\/wp-content\/uploads\/2021\/09\/titseb.jpeg 1280w\" sizes=\"(max-width: 600px) 100vw, 600px\" \/>\t\t\t\t\t\t\t\t\t\t\t\t\t\t\t<\/div>\n\t\t\t\t<\/div>\n\t\t\t\t\t<\/div>\n\t\t<\/div>\n\t\t\t\t<div class=\"elementor-column elementor-col-50 elementor-top-column elementor-element elementor-element-498233f\" data-id=\"498233f\" data-element_type=\"column\" data-e-type=\"column\">\n\t\t\t<div class=\"elementor-widget-wrap elementor-element-populated\">\n\t\t\t\t\t\t<div class=\"elementor-element elementor-element-2f66b44 elementor-widget elementor-widget-image\" data-id=\"2f66b44\" data-element_type=\"widget\" data-e-type=\"widget\" data-widget_type=\"image.default\">\n\t\t\t\t<div class=\"elementor-widget-container\">\n\t\t\t\t\t\t\t\t\t\t\t\t\t\t\t<img loading=\"lazy\" decoding=\"async\" width=\"600\" height=\"338\" src=\"https:\/\/cbtis117.edu.mx\/wp-content\/uploads\/2021\/09\/titseb1-1024x576.jpeg\" class=\"attachment-large size-large wp-image-2326\" alt=\"\" srcset=\"https:\/\/cbtis117.edu.mx\/wp-content\/uploads\/2021\/09\/titseb1-1024x576.jpeg 1024w, https:\/\/cbtis117.edu.mx\/wp-content\/uploads\/2021\/09\/titseb1-300x169.jpeg 300w, https:\/\/cbtis117.edu.mx\/wp-content\/uploads\/2021\/09\/titseb1-768x432.jpeg 768w, https:\/\/cbtis117.edu.mx\/wp-content\/uploads\/2021\/09\/titseb1.jpeg 1280w\" sizes=\"(max-width: 600px) 100vw, 600px\" \/>\t\t\t\t\t\t\t\t\t\t\t\t\t\t\t<\/div>\n\t\t\t\t<\/div>\n\t\t\t\t\t<\/div>\n\t\t<\/div>\n\t\t\t\t\t<\/div>\n\t\t<\/section>\n\t\t\t\t<\/div>\n\t\t","protected":false},"excerpt":{"rendered":"<p>ADMINISTRACI\u00d3N CONTABILIDAD PROGRAMACI\u00d3N ELECTROMECANICA SOPORTE Y MANTENIMIENTO ELECTRONICA SECRETARIADO EJECUTIVO Y BILING\u00dcE<\/p>\n","protected":false},"author":1,"featured_media":0,"parent":0,"menu_order":0,"comment_status":"closed","ping_status":"closed","template":"","meta":{"_monsterinsights_skip_tracking":false,"_monsterinsights_sitenote_active":false,"_monsterinsights_sitenote_note":"","_monsterinsights_sitenote_category":0,"footnotes":""},"class_list":["post-2331","page","type-page","status-publish","hentry"],"aioseo_notices":[],"_links":{"self":[{"href":"https:\/\/cbtis117.edu.mx\/index.php?rest_route=\/wp\/v2\/pages\/2331","targetHints":{"allow":["GET"]}}],"collection":[{"href":"https:\/\/cbtis117.edu.mx\/index.php?rest_route=\/wp\/v2\/pages"}],"about":[{"href":"https:\/\/cbtis117.edu.mx\/index.php?rest_route=\/wp\/v2\/types\/page"}],"author":[{"embeddable":true,"href":"https:\/\/cbtis117.edu.mx\/index.php?rest_route=\/wp\/v2\/users\/1"}],"replies":[{"embeddable":true,"href":"https:\/\/cbtis117.edu.mx\/index.php?rest_route=%2Fwp%2Fv2%2Fcomments&post=2331"}],"version-history":[{"count":13,"href":"https:\/\/cbtis117.edu.mx\/index.php?rest_route=\/wp\/v2\/pages\/2331\/revisions"}],"predecessor-version":[{"id":2344,"href":"https:\/\/cbtis117.edu.mx\/index.php?rest_route=\/wp\/v2\/pages\/2331\/revisions\/2344"}],"wp:attachment":[{"href":"https:\/\/cbtis117.edu.mx\/index.php?rest_route=%2Fwp%2Fv2%2Fmedia&parent=2331"}],"curies":[{"name":"wp","href":"https:\/\/api.w.org\/{rel}","templated":true}]}}